{"id":987663262,"date":"2025-03-28T08:04:40","date_gmt":"2025-03-28T07:04:40","guid":{"rendered":"https:\/\/uat.p4h.world\/?page_id=987663262"},"modified":"2025-04-10T11:11:40","modified_gmt":"2025-04-10T10:11:40","slug":"uhc-dynamic-cards-es","status":"publish","type":"page","link":"https:\/\/uat.p4h.world\/es\/uhc-dynamic-cards-es\/","title":{"rendered":"UHC Dynamic Cards es"},"content":{"rendered":"<p>[et_pb_section fb_built=&#8221;1&#8243; admin_label=&#8221;section&#8221; _builder_version=&#8221;4.21.0&#8243; hover_enabled=&#8221;0&#8243; global_colors_info=&#8221;{}&#8221; background_color=&#8221;#dce5ea&#8221; sticky_enabled=&#8221;0&#8243;][et_pb_row admin_label=&#8221;fila&#8221; _builder_version=&#8221;4.21.0&#8243; background_size=&#8221;initial&#8221; background_position=&#8221;top_left&#8221; background_repeat=&#8221;repeat&#8221; width=&#8221;100vw&#8221; custom_margin=&#8221;||||false|false&#8221; custom_margin_tablet=&#8221;40px||||false|false&#8221; custom_margin_phone=&#8221;40px||||false|false&#8221; custom_margin_last_edited=&#8221;off|desktop&#8221; hover_enabled=&#8221;0&#8243; global_colors_info=&#8221;{}&#8221; custom_padding=&#8221;40px|0px|0px|0px|false|false&#8221; sticky_enabled=&#8221;0&#8243;][et_pb_column type=&#8221;4_4&#8243; _builder_version=&#8221;4.16&#8243; custom_padding=&#8221;|||&#8221; global_colors_info=&#8221;{}&#8221; custom_padding__hover=&#8221;|||&#8221;][et_pb_text _builder_version=&#8221;4.21.0&#8243; _module_preset=&#8221;default&#8221; global_colors_info=&#8221;{}&#8221;]<\/p>\n<div>\n<p><strong>Lorem Ipsum<\/strong> is simply dummy text of the printing and typesetting industry. Lorem Ipsum ha sido el texto ficticio est\u00e1ndar de la industria desde el siglo XVI, cuando un impresor desconocido tom\u00f3 una galera de tipos y la revolvi\u00f3 para hacer un libro de muestras tipogr\u00e1ficas. Ha sobrevivido no s\u00f3lo a cinco siglos, sino tambi\u00e9n al salto a la composici\u00f3n tipogr\u00e1fica electr\u00f3nica, permaneciendo esencialmente inalterada. Se populariz\u00f3 en los a\u00f1os sesenta con la publicaci\u00f3n de las hojas Letraset, que conten\u00edan pasajes de Lorem Ipsum, y m\u00e1s recientemente con programas de autoedici\u00f3n como Aldus PageMaker, que inclu\u00edan versiones de Lorem Ipsum.<\/p>\n<\/div>\n<div> <\/div>\n<p>[\/et_pb_text][et_pb_code _builder_version=&#8221;4.21.0&#8243; _module_preset=&#8221;default&#8221; global_colors_info=&#8221;{}&#8221;]    <div class=\"p4h-no-content\" id=\"p4h-no-content-cfp-\">\n        <h3 class=\"p4h-no-content-title\">No UHC Cards Found<\/h3>\n        <p class=\"p4h-no-content-text\">Unfortunately we don't have any results for UHC card countries.<\/p>\n    <\/div>\n\n<style>\n    .cfp-grid-wrapper .cfp-grid .cfp-item {\n        flex: 1 0 25%;\n        max-width: 25%;\n    }\n\n    @media (max-width: 479px) {\n        .cfp-grid-wrapper .cfp-grid .cfp-item {\n            flex: 1 0 100%;\n            max-width: 100%;\n        }\n    }\n\n    .cfp-grid-wrapper .cfp-grid .cfp-item .cfp-image-wrapper {\n        width: 50px;\n        height: 50px;\n        margin-bottom: 5px;\n    }\n<\/style>[\/et_pb_code][\/et_pb_column][\/et_pb_row][\/et_pb_section]<\/p>\n","protected":false},"excerpt":{"rendered":"<p>Lorem Ipsum is simply dummy text of the printing and typesetting industry. Lorem Ipsum ha sido el texto ficticio est\u00e1ndar de la industria desde el siglo XVI, cuando un impresor desconocido tom\u00f3 una galera de tipos y la revolvi\u00f3 para hacer un libro de muestras tipogr\u00e1ficas. Ha sobrevivido no s\u00f3lo a cinco siglos, sino tambi\u00e9n&#8230;<\/p>\n","protected":false},"author":1,"featured_media":0,"parent":0,"menu_order":0,"comment_status":"closed","ping_status":"closed","template":"","meta":{"_et_pb_use_builder":"on","_et_pb_old_content":"","_et_gb_content_width":""},"acf":[],"_links":{"self":[{"href":"https:\/\/uat.p4h.world\/es\/wp-json\/wp\/v2\/pages\/987663262"}],"collection":[{"href":"https:\/\/uat.p4h.world\/es\/wp-json\/wp\/v2\/pages"}],"about":[{"href":"https:\/\/uat.p4h.world\/es\/wp-json\/wp\/v2\/types\/page"}],"author":[{"embeddable":true,"href":"https:\/\/uat.p4h.world\/es\/wp-json\/wp\/v2\/users\/1"}],"replies":[{"embeddable":true,"href":"https:\/\/uat.p4h.world\/es\/wp-json\/wp\/v2\/comments?post=987663262"}],"version-history":[{"count":44,"href":"https:\/\/uat.p4h.world\/es\/wp-json\/wp\/v2\/pages\/987663262\/revisions"}],"predecessor-version":[{"id":987663465,"href":"https:\/\/uat.p4h.world\/es\/wp-json\/wp\/v2\/pages\/987663262\/revisions\/987663465"}],"wp:attachment":[{"href":"https:\/\/uat.p4h.world\/es\/wp-json\/wp\/v2\/media?parent=987663262"}],"curies":[{"name":"wp","href":"https:\/\/api.w.org\/{rel}","templated":true}]}}