{"id":987664559,"date":"2022-12-26T09:50:31","date_gmt":"2022-12-26T08:50:31","guid":{"rendered":"https:\/\/uat.p4h.world\/que-hacemos\/"},"modified":"2025-10-09T06:42:12","modified_gmt":"2025-10-09T05:42:12","slug":"que-hacemos","status":"publish","type":"page","link":"https:\/\/uat.p4h.world\/es\/que-hacemos\/","title":{"rendered":"Qu\u00e9 hacemos"},"content":{"rendered":"<p>[et_pb_section fb_built=&#8221;1&#8243; admin_label=&#8221;Overview&#8221; _builder_version=&#8221;4.19.2&#8243; _module_preset=&#8221;default&#8221; collapsed=&#8221;off&#8221; global_colors_info=&#8221;{}&#8221;][et_pb_row disabled_on=&#8221;off|off|off&#8221; admin_label=&#8221;Espaciador&#8221; _builder_version=&#8221;4.21.0&#8243; _module_preset=&#8221;default&#8221; display_conditions=&#8221;W10=&#8221; custom_padding=&#8221;0px|0px|29px|0px|false|false&#8221; custom_css_main_element=&#8221;padding: 0 !important;&#8221; saved_tabs=&#8221;all&#8221; collapsed=&#8221;off&#8221; global_colors_info=&#8221;{}&#8221;][et_pb_column type=&#8221;4_4&#8243; _builder_version=&#8221;4.21.0&#8243; _module_preset=&#8221;default&#8221; global_colors_info=&#8221;{}&#8221;][\/et_pb_column][\/et_pb_row][et_pb_row make_equal=&#8221;on&#8221; admin_label=&#8221;Visi\u00f3n general&#8221; _builder_version=&#8221;4.20.4&#8243; _module_preset=&#8221;default&#8221; custom_padding=&#8221;0px|15px|0px|15px|false|true&#8221; custom_css_main_element=&#8221;align-items: center;&#8221; collapsed=&#8221;off&#8221; global_colors_info=&#8221;{}&#8221;][et_pb_column type=&#8221;4_4&#8243; admin_label=&#8221;Columna&#8221; _builder_version=&#8221;4.20.2&#8243; _module_preset=&#8221;default&#8221; custom_padding=&#8221;||||false|true&#8221; global_colors_info=&#8221;{}&#8221;][et_pb_text _builder_version=&#8221;4.21.0&#8243; _module_preset=&#8221;default&#8221; global_colors_info=&#8221;{}&#8221;]<\/p>\n<p>Como intermediario honesto formado por una red mundial diversa de instituciones y expertos, la Red P4H desarrolla y refuerza el intercambio y la colaboraci\u00f3n para avanzar en la CSU a trav\u00e9s de sistemas equitativos de protecci\u00f3n social de la salud y financiaci\u00f3n sanitaria.<\/p>\n<p>[\/et_pb_text][et_pb_text _builder_version=&#8221;4.21.0&#8243; _module_preset=&#8221;default&#8221; global_colors_info=&#8221;{}&#8221;]<span style=\"font-weight: 400;\">Los <a href=\"https:\/\/uat.p4h.world\/en\/who-we-are\/country-focal-persons\/\">coordinadores nacionales de P4H<\/a> y el <a href=\"https:\/\/uat.p4h.world\/en\/what-we-do\/innovation\/leadership-for-uhc\/\">programa Leadership for UHC<\/a> prestan un apoyo clave a las partes interesadas. A escala regional, la Red P4H facilita colaboraciones que conectan a las personas.  <\/span>[\/et_pb_text][et_pb_text _builder_version=&#8221;4.21.0&#8243; _module_preset=&#8221;default&#8221; global_colors_info=&#8221;{}&#8221;]<span style=\"font-weight: 400;\">P4H fomenta el intercambio de conocimientos, especialmente a trav\u00e9s de su plataforma digital. Asimismo, la Red P4H explora d\u00f3nde puede innovar, como en el \u00e1mbito de los <a href=\"https:\/\/uat.p4h.world\/en\/what-we-do\/innovation\/non-renewable-material-resources-and-energy\/\">recursos materiales y energ\u00e9ticos no renovables<\/a> para sistemas sanitarios resilientes.<\/span>[\/et_pb_text][\/et_pb_column][\/et_pb_row][et_pb_row disabled_on=&#8221;off|off|off&#8221; admin_label=&#8221;Espaciador&#8221; _builder_version=&#8221;4.21.0&#8243; _module_preset=&#8221;default&#8221; display_conditions=&#8221;W10=&#8221; custom_padding=&#8221;0px|0px|29px|0px|false|false&#8221; custom_css_main_element=&#8221;padding: 0 !important;&#8221; saved_tabs=&#8221;all&#8221; collapsed=&#8221;off&#8221; global_colors_info=&#8221;{}&#8221;][et_pb_column type=&#8221;4_4&#8243; _builder_version=&#8221;4.21.0&#8243; _module_preset=&#8221;default&#8221; global_colors_info=&#8221;{}&#8221;][\/et_pb_column][\/et_pb_row][\/et_pb_section][et_pb_section fb_built=&#8221;1&#8243; admin_label=&#8221;Country and Regional dynamics&#8221; _builder_version=&#8221;4.19.2&#8243; _module_preset=&#8221;default&#8221; locked=&#8221;off&#8221; collapsed=&#8221;off&#8221; global_colors_info=&#8221;{}&#8221;][et_pb_row column_structure=&#8221;1_2,1_2&#8243; use_custom_gutter=&#8221;on&#8221; gutter_width=&#8221;1&#8243; make_equal=&#8221;on&#8221; _builder_version=&#8221;4.21.0&#8243; _module_preset=&#8221;default&#8221; background_enable_color=&#8221;off&#8221; max_width=&#8221;100%&#8221; collapsed=&#8221;off&#8221; global_colors_info=&#8221;{}&#8221; background_enable_color__hover=&#8221;off&#8221; background__hover_enabled=&#8221;on|desktop&#8221;][et_pb_column type=&#8221;1_2&#8243; _builder_version=&#8221;4.20.4&#8243; _module_preset=&#8221;default&#8221; background_enable_color=&#8221;off&#8221; background_enable_image=&#8221;off&#8221; background_blend=&#8221;multiply&#8221; custom_padding=&#8221;0px|0px|0px|0px|true|true&#8221; custom_css_main_element=&#8221;display: flex;||flex-direction: column;||justify-content: space-between;&#8221; global_colors_info=&#8221;{}&#8221; background_enable_color__hover=&#8221;off&#8221; background__hover_enabled=&#8221;on|desktop&#8221;][et_pb_text admin_label=&#8221;COUNTRY DYN&#8221; _builder_version=&#8221;4.21.0&#8243; _dynamic_attributes=&#8221;link_option_url&#8221; _module_preset=&#8221;default&#8221; text_text_color=&#8221;#FFFFFF&#8221; link_text_align=&#8221;center&#8221; ul_text_align=&#8221;center&#8221; ol_text_align=&#8221;center&#8221; quote_text_align=&#8221;center&#8221; header_text_align=&#8221;center&#8221; header_2_text_align=&#8221;center&#8221; header_3_text_align=&#8221;center&#8221; header_4_text_align=&#8221;center&#8221; header_5_text_align=&#8221;center&#8221; header_6_text_align=&#8221;center&#8221; background_color=&#8221;#891a21&#8243; text_orientation=&#8221;center&#8221; height=&#8221;100%&#8221; custom_padding=&#8221;40px|40px|40px|40px|false|false&#8221; link_option_url=&#8221;@ET-DC@eyJkeW5hbWljIjp0cnVlLCJjb250ZW50IjoicG9zdF9saW5rX3VybF9wYWdlIiwic2V0dGluZ3MiOnsicG9zdF9pZCI6Ijk4NzQ5NTAzNSJ9fQ==@&#8221; locked=&#8221;off&#8221; global_colors_info=&#8221;{}&#8221; text_text_color__hover=&#8221;#2D424C&#8221; text_text_color__hover_enabled=&#8221;on|desktop&#8221; background_color__hover=&#8221;#E8E7E2&#8243; background__hover_enabled=&#8221;on|hover&#8221; background_enable_color__hover=&#8221;on&#8221;]<\/p>\n<h3 class=\"p4h-text-uppercase\">Din\u00e1mica de los pa\u00edses<\/h3>\n<p>La Red P4H apoya las colaboraciones a escala nacional que contribuyen a avanzar en la protecci\u00f3n social de la salud y en las reformas de la financiaci\u00f3n sanitaria que promueven la cobertura sanitaria universal. La red P4H conecta con las partes interesadas de cada pa\u00eds a trav\u00e9s de los coordinadores nacionales de P4H, que trabajan en 67 pa\u00edses.[\/et_pb_text][\/et_pb_column][et_pb_column type=&#8221;1_2&#8243; _builder_version=&#8221;4.20.4&#8243; _module_preset=&#8221;default&#8221; background_enable_color=&#8221;off&#8221; background_enable_image=&#8221;off&#8221; background_blend=&#8221;multiply&#8221; custom_padding=&#8221;0px|0px|0px|0px|true|true&#8221; custom_css_main_element=&#8221;display: flex;||flex-direction: column;||justify-content: space-between;&#8221; global_colors_info=&#8221;{}&#8221; background_enable_color__hover=&#8221;off&#8221; background__hover_enabled=&#8221;on|desktop&#8221;][et_pb_text admin_label=&#8221;REGIONAL DYN&#8221; _builder_version=&#8221;4.21.0&#8243; _dynamic_attributes=&#8221;link_option_url&#8221; _module_preset=&#8221;default&#8221; text_text_color=&#8221;#FFFFFF&#8221; link_text_align=&#8221;center&#8221; ul_text_align=&#8221;center&#8221; ol_text_align=&#8221;center&#8221; quote_text_align=&#8221;center&#8221; header_text_align=&#8221;center&#8221; header_2_text_align=&#8221;center&#8221; header_3_text_align=&#8221;center&#8221; header_4_text_align=&#8221;center&#8221; header_5_text_align=&#8221;center&#8221; header_6_text_align=&#8221;center&#8221; background_color=&#8221;#4d7d94&#8243; text_orientation=&#8221;center&#8221; height=&#8221;100%&#8221; custom_padding=&#8221;40px|40px|40px|40px|false|false&#8221; link_option_url=&#8221;@ET-DC@eyJkeW5hbWljIjp0cnVlLCJjb250ZW50IjoicG9zdF9saW5rX3VybF9wYWdlIiwic2V0dGluZ3MiOnsicG9zdF9pZCI6Ijk4NzQ5NTAzNyJ9fQ==@&#8221; locked=&#8221;off&#8221; global_colors_info=&#8221;{}&#8221; text_text_color__hover=&#8221;#2D424C&#8221; text_text_color__hover_enabled=&#8221;on|hover&#8221; background_color__hover=&#8221;#E8E7E2&#8243; background__hover_enabled=&#8221;on|hover&#8221; background_enable_color__hover=&#8221;on&#8221;]<\/p>\n<h3 class=\"p4h-text-uppercase\">Din\u00e1mica regional<\/h3>\n<p>La Red P4H apoya las colaboraciones regionales e intrarregionales y el intercambio de conocimientos. Entre las principales partes interesadas figuran organizaciones, pa\u00edses y particulares de diversas regiones, as\u00ed como instituciones acad\u00e9micas, coordinadores nacionales de P4H y coordinadores regionales de P4H. Las colaboraciones y actividades con grupos regionales tambi\u00e9n crean oportunidades de relaciones interregionales.<\/p>\n<p>[\/et_pb_text][\/et_pb_column][\/et_pb_row][\/et_pb_section][et_pb_section fb_built=&#8221;1&#8243; disabled_on=&#8221;on|on|on&#8221; admin_label=&#8221;Highlights&#8221; _builder_version=&#8221;4.21.0&#8243; _module_preset=&#8221;default&#8221; background_enable_color=&#8221;off&#8221; disabled=&#8221;on&#8221; locked=&#8221;off&#8221; collapsed=&#8221;on&#8221; global_colors_info=&#8221;{}&#8221;][et_pb_row disabled_on=&#8221;off|off|off&#8221; admin_label=&#8221;Espaciador&#8221; _builder_version=&#8221;4.21.0&#8243; _module_preset=&#8221;default&#8221; display_conditions=&#8221;W10=&#8221; custom_padding=&#8221;0px|0px|29px|0px|false|false&#8221; custom_css_main_element=&#8221;padding: 0 !important;&#8221; saved_tabs=&#8221;all&#8221; collapsed=&#8221;off&#8221; global_colors_info=&#8221;{}&#8221;][et_pb_column type=&#8221;4_4&#8243; _builder_version=&#8221;4.21.0&#8243; _module_preset=&#8221;default&#8221; global_colors_info=&#8221;{}&#8221;][\/et_pb_column][\/et_pb_row][et_pb_row admin_label=&#8221;Destacados&#8221; _builder_version=&#8221;4.20.4&#8243; _module_preset=&#8221;default&#8221; custom_padding=&#8221;0px|15px|0px|15px|false|true&#8221; collapsed=&#8221;on&#8221; global_colors_info=&#8221;{}&#8221;][et_pb_column type=&#8221;4_4&#8243; _builder_version=&#8221;4.20.2&#8243; _module_preset=&#8221;default&#8221; custom_padding=&#8221;||||false|false&#8221; global_colors_info=&#8221;{}&#8221;][et_pb_code _builder_version=&#8221;4.20.4&#8243; _module_preset=&#8221;default&#8221; custom_margin=&#8221;0px|0px|0px|0px|false|false&#8221; custom_padding=&#8221;0px|0px|0px|0px|false|false&#8221; global_colors_info=&#8221;{}&#8221;]<\/p>\n<div class=\"p4h-title withlink\"><!-- [et_pb_line_break_holder] --><\/p>\n<h3 class=\"p4h-fc-dark p4h-fs-24 p4h-text-uppercase pb-0\">Destacados<\/h3>\n<p><!-- [et_pb_line_break_holder] --><\/div>\n<p>[\/et_pb_code][et_pb_code module_class=&#8221;p4h-content-grid&#8221; _builder_version=&#8221;4.20.2&#8243; _module_preset=&#8221;default&#8221; global_colors_info=&#8221;{}&#8221;]<div class=\"pt-cv-wrapper et_smooth_scroll_disabled\"><div class=\"pt-cv-view pt-cv-grid pt-cv-colsys\" id=\"pt-cv-view-3a69631f1x\"><div data-id=\"pt-cv-page-1\" class=\"pt-cv-page\" data-cvc=\"3\"><div class=\"col-md-4 col-sm-6 col-xs-12 pt-cv-content-item pt-cv-1-col\"  data-pid=\"987663140\"><div class='pt-cv-ifield'><a href=\"https:\/\/uat.p4h.world\/es\/test-post\/\" class=\"_self pt-cv-href-thumbnail pt-cv-thumb-default cvplbd\" target=\"_self\" ><img decoding=\"async\" loading=\"lazy\" width=\"300\" height=\"300\" style=\"max-height: 300px;\" src=\"https:\/\/uat.p4h.world\/app\/themes\/divi-child\/assets\/images\/thumbnail-p4h.webp\" class=\"pt-cv-thumbnail img-none not-found\" alt=\"Test Post\" \/><\/a>\n<div class=\"pt-cv-meta-fields\"><span class=\"post-type\">POST<\/span> <span class=\"p4h-fc-dark\">|<\/span> <span class=\"entry-date\"> <time datetime=\"2025-01-27T14:12:17+01:00\">27 Jan 2025<\/time><\/span><\/div>\n<h4 class=\"pt-cv-title\"><a href=\"https:\/\/uat.p4h.world\/es\/test-post\/\" class=\"_self cvplbd\" target=\"_self\" >Test Post<\/a><\/h4>\n<div class=\"pt-cv-ctf-list\" data-cvc=\"1\"><\/div><\/div><\/div>\n<div class=\"col-md-4 col-sm-6 col-xs-12 pt-cv-content-item pt-cv-1-col\"  data-pid=\"987647468\"><div class='pt-cv-ifield'><a href=\"https:\/\/uat.p4h.world\/es\/documents\/abc1-es\/\" class=\"_self pt-cv-href-thumbnail pt-cv-thumb-default cvplbd\" target=\"_self\" ><img decoding=\"async\" loading=\"lazy\" width=\"300\" height=\"300\" style=\"max-height: 300px;\" src=\"https:\/\/uat.p4h.world\/app\/themes\/divi-child\/assets\/images\/thumbnail-p4h.webp\" class=\"pt-cv-thumbnail img-none not-found\" alt=\"ABC1 es\" \/><\/a>\n<div class=\"pt-cv-meta-fields\"><span class=\"post-type\">DOCUMENT<\/span> <span class=\"p4h-fc-dark\">|<\/span> <span class=\"entry-date\"> <time datetime=\"2024-04-02T12:59:06+01:00\">02 Apr 2024<\/time><\/span><\/div>\n<h4 class=\"pt-cv-title\"><a href=\"https:\/\/uat.p4h.world\/es\/documents\/abc1-es\/\" class=\"_self cvplbd\" target=\"_self\" >ABC1 es<\/a><\/h4>\n<div class=\"pt-cv-ctf-list\" data-cvc=\"1\"><\/div><\/div><\/div>\n<div class=\"col-md-4 col-sm-6 col-xs-12 pt-cv-content-item pt-cv-1-col\"  data-pid=\"987647096\"><div class='pt-cv-ifield'><a href=\"https:\/\/uat.p4h.world\/es\/news\/newstest1\/\" class=\"_self pt-cv-href-thumbnail pt-cv-thumb-default cvplbd\" target=\"_self\" ><img width=\"300\" height=\"145\" src=\"https:\/\/uat.p4h.world\/app\/uploads\/2023\/05\/NL-new-website-300x145.jpg\" class=\"pt-cv-thumbnail img-none\" alt=\"NewsTest1\" decoding=\"async\" loading=\"lazy\" \/><\/a>\n<div class=\"pt-cv-meta-fields\"><span class=\"post-type\">NOTICIAS<\/span> <span class=\"p4h-fc-dark\">|<\/span> <span class=\"entry-date\"> <time datetime=\"2024-02-21T10:17:17+01:00\">21 Feb 2024<\/time><\/span><\/div>\n<h4 class=\"pt-cv-title\"><a href=\"https:\/\/uat.p4h.world\/es\/news\/newstest1\/\" class=\"_self cvplbd\" target=\"_self\" >NewsTest1<\/a><\/h4>\n<div class=\"pt-cv-ctf-list\" data-cvc=\"1\"><\/div><\/div><\/div><\/div><\/div><\/div>\t\t\t<style type=\"text\/css\" id=\"pt-cv-inline-style-9a667ad68k\">#pt-cv-view-3a69631f1x .pt-cv-specialp { background-color: #CC3333 !important }\n#pt-cv-view-3a69631f1x .pt-cv-specialp * { color: #fff !important; }\n#pt-cv-view-3a69631f1x .pt-cv-pficon  { color: #bbb !important; }\n#pt-cv-view-3a69631f1x .pt-cv-readmore  { color: #ffffff !important; }\n#pt-cv-view-3a69631f1x .pt-cv-readmore:hover  { color: #ffffff !important; }\n#pt-cv-view-3a69631f1x  + .pt-cv-pagination-wrapper .pt-cv-more , #pt-cv-view-3a69631f1x  + .pt-cv-pagination-wrapper .pagination .active a, .pt-cv-pagination[data-sid='3a69631f1x'] .active a { color: #ffffff !important; background-color: #00aeef !important; }<\/style>\r\n\t\t\t[\/et_pb_code][\/et_pb_column][\/et_pb_row][et_pb_row disabled_on=&#8221;off|off|off&#8221; admin_label=&#8221;Espaciador&#8221; _builder_version=&#8221;4.21.0&#8243; _module_preset=&#8221;default&#8221; display_conditions=&#8221;W10=&#8221; custom_padding=&#8221;0px|0px|29px|0px|false|false&#8221; custom_css_main_element=&#8221;padding: 0 !important;&#8221; saved_tabs=&#8221;all&#8221; collapsed=&#8221;off&#8221; global_colors_info=&#8221;{}&#8221;][et_pb_column type=&#8221;4_4&#8243; _builder_version=&#8221;4.21.0&#8243; _module_preset=&#8221;default&#8221; global_colors_info=&#8221;{}&#8221;][\/et_pb_column][\/et_pb_row][\/et_pb_section][et_pb_section fb_built=&#8221;1&#8243; admin_label=&#8221;Who we are box&#8221; _builder_version=&#8221;4.21.0&#8243; _module_preset=&#8221;default&#8221; background_color=&#8221;#2D424C&#8221; collapsed=&#8221;off&#8221; global_colors_info=&#8221;{}&#8221;][et_pb_row column_structure=&#8221;1_2,1_2&#8243; use_custom_gutter=&#8221;on&#8221; gutter_width=&#8221;1&#8243; make_equal=&#8221;on&#8221; _builder_version=&#8221;4.21.0&#8243; _module_preset=&#8221;default&#8221; custom_css_main_element=&#8221;margin: auto 0;&#8221; locked=&#8221;off&#8221; global_colors_info=&#8221;{}&#8221;][et_pb_column type=&#8221;1_2&#8243; _builder_version=&#8221;4.21.0&#8243; _module_preset=&#8221;default&#8221; background_color=&#8221;RGBA(255,255,255,0)&#8221; background_enable_image=&#8221;off&#8221; background_blend=&#8221;multiply&#8221; custom_padding=&#8221;40px|40px|40px|40px|true|true&#8221; custom_padding_tablet=&#8221;40px|40px|40px|40px|true|true&#8221; custom_padding_phone=&#8221;20px|20px|20px|20px|true|true&#8221; custom_padding_last_edited=&#8221;on|phone&#8221; custom_css_main_element=&#8221;width: 70% !important;&#8221; global_colors_info=&#8221;{}&#8221; custom_css_main_element_last_edited=&#8221;on|phone&#8221; custom_css_main_element_tablet=&#8221;width: 70% !important;&#8221; custom_css_main_element_phone=&#8221;width: 100% !important;&#8221;][et_pb_text admin_label=&#8221;who we are&#8221; _builder_version=&#8221;4.21.0&#8243; _module_preset=&#8221;default&#8221; text_text_color=&#8221;#FFFFFF&#8221; header_2_text_align=&#8221;center&#8221; width=&#8221;100%&#8221; locked=&#8221;off&#8221; global_colors_info=&#8221;{}&#8221;]<\/p>\n<h3 class=\"p4h-fc-white p4h-fs-24 p4h-text-uppercase\">Qui\u00e9nes somos<\/h3>\n<p>La Red P4H es una iniciativa pionera. Se puso en marcha durante la cumbre del G8 celebrada en junio de 2007 en Heiligendamm (Alemania). Nuestra misi\u00f3n es promover, desarrollar y reforzar el intercambio y la colaboraci\u00f3n para la protecci\u00f3n social de la salud y la financiaci\u00f3n sanitaria, avanzando hacia la cobertura sanitaria universal.<\/p>\n<p>[\/et_pb_text][\/et_pb_column][et_pb_column type=&#8221;1_2&#8243; _builder_version=&#8221;4.21.0&#8243; _module_preset=&#8221;default&#8221; background_color=&#8221;RGBA(255,255,255,0)&#8221; background_enable_image=&#8221;off&#8221; background_blend=&#8221;multiply&#8221; custom_padding=&#8221;40px|40px|40px|40px|true|true&#8221; custom_padding_tablet=&#8221;40px|40px|40px|40px|true|true&#8221; custom_padding_phone=&#8221;20px|20px|20px|20px|true|true&#8221; custom_padding_last_edited=&#8221;on|phone&#8221; custom_css_main_element=&#8221;width: 30% !important;||margin: auto 0;&#8221; global_colors_info=&#8221;{}&#8221; custom_css_main_element_last_edited=&#8221;on|phone&#8221; custom_css_main_element_tablet=&#8221;width: 30% !important;||margin: auto 0;&#8221; custom_css_main_element_phone=&#8221;width: 100% !important;||margin: 0 auto;&#8221;][et_pb_button button_url=&#8221;@ET-DC@eyJkeW5hbWljIjp0cnVlLCJjb250ZW50IjoicG9zdF9saW5rX3VybF9wYWdlIiwic2V0dGluZ3MiOnsicG9zdF9pZCI6Ijk4NzQ5NjI3MCJ9fQ==@&#8221; button_text=&#8221;M\u00e1s informaci\u00f3n sobre P4H&#8221; button_alignment=&#8221;center&#8221; _builder_version=&#8221;4.21.0&#8243; _dynamic_attributes=&#8221;button_url&#8221; _module_preset=&#8221;default&#8221; custom_button=&#8221;on&#8221; button_text_size=&#8221;16px&#8221; button_text_color=&#8221;#FFFFFF&#8221; button_bg_color=&#8221;#EA3A32&#8243; button_border_width=&#8221;0px&#8221; button_border_radius=&#8221;3px&#8221; button_font=&#8221;Oswald|||on|||||&#8221; button_use_icon=&#8221;off&#8221; custom_margin=&#8221;10px||||false|false&#8221; custom_padding=&#8221;0.3em|0.7em|0.3em|0.7em|false|false&#8221; locked=&#8221;off&#8221; global_colors_info=&#8221;{}&#8221; button_bg_color__hover_enabled=&#8221;on|hover&#8221; button_bg_color__hover=&#8221;#2D424C&#8221; button_bg_enable_color__hover=&#8221;on&#8221;][\/et_pb_button][\/et_pb_column][\/et_pb_row][\/et_pb_section][et_pb_section fb_built=&#8221;1&#8243; _builder_version=&#8221;4.21.0&#8243; _module_preset=&#8221;default&#8221; background_enable_image=&#8221;off&#8221; background_position=&#8221;bottom_center&#8221; background_blend=&#8221;multiply&#8221; global_colors_info=&#8221;{}&#8221;][et_pb_row use_custom_gutter=&#8221;on&#8221; gutter_width=&#8221;1&#8243; make_equal=&#8221;on&#8221; _builder_version=&#8221;4.21.0&#8243; _module_preset=&#8221;default&#8221; custom_css_main_element=&#8221;margin: auto 0;&#8221; locked=&#8221;off&#8221; global_colors_info=&#8221;{}&#8221;][et_pb_column type=&#8221;4_4&#8243; _builder_version=&#8221;4.20.4&#8243; _module_preset=&#8221;default&#8221; background_color=&#8221;RGBA(255,255,255,0)&#8221; background_enable_image=&#8221;off&#8221; background_blend=&#8221;multiply&#8221; custom_padding=&#8221;40px|40px|40px|40px|true|true&#8221; custom_padding_tablet=&#8221;40px|40px|40px|40px|true|true&#8221; custom_padding_phone=&#8221;20px|20px|20px|20px|true|true&#8221; custom_padding_last_edited=&#8221;on|phone&#8221; global_colors_info=&#8221;{}&#8221;][et_pb_text _builder_version=&#8221;4.21.0&#8243; _module_preset=&#8221;default&#8221; text_text_color=&#8221;#2D424C&#8221; header_2_text_align=&#8221;center&#8221; text_orientation=&#8221;center&#8221; width=&#8221;100%&#8221; locked=&#8221;off&#8221; global_colors_info=&#8221;{}&#8221;]<\/p>\n<h3 class=\"p4h-fs-24 p4h-text-uppercase\" style=\"text-align: left;\">Liderazgo para la CSU<\/h3>\n<p style=\"text-align: left;\">El programa insignia de la red P4H, Leadership for UHC (L4UHC), est\u00e1 dirigido a altos responsables de la toma de decisiones. En un a\u00f1o, potencian su capacidad de liderazgo y crean altos niveles de confianza. Su \u00e9tica fomenta la creaci\u00f3n de redes entre sectores. Desde 2016, L4UHC ha realizado 12 ciclos de unos 120 d\u00edas.<\/p>\n<p style=\"text-align: left;\">Durante un ciclo del programa L4UHC, los responsables de la toma de decisiones de diferentes sectores acuerdan una visi\u00f3n com\u00fan e identifican y llevan a cabo acciones colectivas. Colaboran para producir resultados concretos y pr\u00e1cticos. Estos resultados tangibles impulsan las agendas que promueven la cobertura sanitaria universal y ayudan a los responsables de la toma de decisiones a crear coaliciones comprometidas con nuevos avances.<\/p>\n<p>[\/et_pb_text][et_pb_button button_url=&#8221;@ET-DC@eyJkeW5hbWljIjp0cnVlLCJjb250ZW50IjoicG9zdF9saW5rX3VybF9wYWdlIiwic2V0dGluZ3MiOnsicG9zdF9pZCI6Ijk4NzUzNjk5NyJ9fQ==@&#8221; button_text=&#8221;Ir a la p\u00e1gina de L4UHC&#8221; button_alignment=&#8221;center&#8221; _builder_version=&#8221;4.21.0&#8243; _dynamic_attributes=&#8221;button_url&#8221; _module_preset=&#8221;default&#8221; custom_button=&#8221;on&#8221; button_text_size=&#8221;16px&#8221; button_text_color=&#8221;#FFFFFF&#8221; button_bg_color=&#8221;#EA3A32&#8243; button_border_width=&#8221;0px&#8221; button_border_radius=&#8221;3px&#8221; button_font=&#8221;Oswald|||on|||||&#8221; button_use_icon=&#8221;off&#8221; custom_margin=&#8221;20px||||false|false&#8221; custom_padding=&#8221;0.3em|0.7em|0.3em|0.7em|false|false&#8221; locked=&#8221;off&#8221; global_colors_info=&#8221;{}&#8221; button_bg_color__hover_enabled=&#8221;on|hover&#8221; button_bg_color__hover=&#8221;#2D424C&#8221; button_bg_enable_color__hover=&#8221;on&#8221;][\/et_pb_button][\/et_pb_column][\/et_pb_row][\/et_pb_section]<\/p>\n","protected":false},"excerpt":{"rendered":"<p>Como intermediario honesto formado por una red mundial diversa de instituciones y expertos, la Red P4H desarrolla y refuerza el intercambio y la colaboraci\u00f3n para avanzar en la CSU a trav\u00e9s de sistemas equitativos de protecci\u00f3n social de la salud y financiaci\u00f3n sanitaria.Los coordinadores nacionales de P4H y el programa Leadership for UHC prestan un&#8230;<\/p>\n","protected":false},"author":1,"featured_media":0,"parent":0,"menu_order":0,"comment_status":"closed","ping_status":"closed","template":"","meta":{"_et_pb_use_builder":"on","_et_pb_old_content":"","_et_gb_content_width":""},"acf":[],"_links":{"self":[{"href":"https:\/\/uat.p4h.world\/es\/wp-json\/wp\/v2\/pages\/987664559"}],"collection":[{"href":"https:\/\/uat.p4h.world\/es\/wp-json\/wp\/v2\/pages"}],"about":[{"href":"https:\/\/uat.p4h.world\/es\/wp-json\/wp\/v2\/types\/page"}],"author":[{"embeddable":true,"href":"https:\/\/uat.p4h.world\/es\/wp-json\/wp\/v2\/users\/1"}],"replies":[{"embeddable":true,"href":"https:\/\/uat.p4h.world\/es\/wp-json\/wp\/v2\/comments?post=987664559"}],"version-history":[{"count":8,"href":"https:\/\/uat.p4h.world\/es\/wp-json\/wp\/v2\/pages\/987664559\/revisions"}],"predecessor-version":[{"id":987664578,"href":"https:\/\/uat.p4h.world\/es\/wp-json\/wp\/v2\/pages\/987664559\/revisions\/987664578"}],"wp:attachment":[{"href":"https:\/\/uat.p4h.world\/es\/wp-json\/wp\/v2\/media?parent=987664559"}],"curies":[{"name":"wp","href":"https:\/\/api.w.org\/{rel}","templated":true}]}}