{"id":987648289,"date":"2024-09-12T07:42:46","date_gmt":"2024-09-12T06:42:46","guid":{"rendered":"https:\/\/uat.p4h.world\/?page_id=987648289"},"modified":"2024-10-09T13:36:15","modified_gmt":"2024-10-09T12:36:15","slug":"aging-and-elderly-vulnerable-population-fr","status":"publish","type":"page","link":"https:\/\/uat.p4h.world\/fr\/aging-and-elderly-vulnerable-population-fr\/","title":{"rendered":"Aging and elderly, vulnerable population fr"},"content":{"rendered":"<p>[et_pb_section fb_built=&#8221;1&#8243; admin_label=&#8221;section&#8221; _builder_version=&#8221;4.16&#8243; global_colors_info=&#8221;{}&#8221;][et_pb_row admin_label=&#8221;Entretoise&#8221; _builder_version=&#8221;4.21.0&#8243; _module_preset=&#8221;default&#8221; display_conditions=&#8221;W10=&#8221; custom_padding=&#8221;0px|0px|29px|0px|false|false&#8221; custom_css_main_element=&#8221;padding: 0 !important;&#8221; global_module=&#8221;987504603&#8243; saved_tabs=&#8221;all&#8221; collapsed=&#8221;off&#8221; global_colors_info=&#8221;{}&#8221;][et_pb_column type=&#8221;4_4&#8243; _builder_version=&#8221;4.21.0&#8243; _module_preset=&#8221;default&#8221; global_colors_info=&#8221;{}&#8221;][\/et_pb_column][\/et_pb_row][et_pb_row _builder_version=&#8221;4.21.0&#8243; _module_preset=&#8221;default&#8221; global_colors_info=&#8221;{}&#8221;][et_pb_column type=&#8221;4_4&#8243; _builder_version=&#8221;4.21.0&#8243; _module_preset=&#8221;default&#8221; global_colors_info=&#8221;{}&#8221;][et_pb_image src=&#8221;https:\/\/uat.p4h.world\/app\/uploads\/2024\/09\/TEG_elderly-vulnerable-people.png&#8221; title_text=&#8221;TEG_elderly-vulnerable-people&#8221; _builder_version=&#8221;4.21.0&#8243; _module_preset=&#8221;default&#8221; global_colors_info=&#8221;{}&#8221;][\/et_pb_image][et_pb_text _builder_version=&#8221;4.21.0&#8243; _module_preset=&#8221;default&#8221; custom_padding=&#8221;||||false|false&#8221; global_colors_info=&#8221;{}&#8221;]<\/p>\n<p>The P4H Technical Exchange Group (P4H-TEG) Co-chairs identified health financing and social health protection for vulnerable populations as one of the P4H-TEG workstreams for 2023-2024.<\/p>\n<p>[\/et_pb_text][et_pb_text _builder_version=&#8221;4.21.0&#8243; _module_preset=&#8221;default&#8221; custom_padding=&#8221;||||false|false&#8221; global_colors_info=&#8221;{}&#8221;]<\/p>\n<p>Despite national and international efforts, a large proportion of the global population remains unprotected and faces financial difficulties in accessing and using healthcare services. This is even devastating among low-income vulnerable populations that include the elderly, people with disabilities, and those having infectious killer diseases such as HIV, AIDS, TB and Malaria. Low- and Middle-Income Countries (LMICs) have also faced challenges in strengthening and improving access to health and social care services in preparation for and response to population aging.  <\/p>\n<p>[\/et_pb_text][et_pb_text _builder_version=&#8221;4.21.0&#8243; _module_preset=&#8221;default&#8221; custom_padding=&#8221;||1em||false|false&#8221; global_colors_info=&#8221;{}&#8221;]<\/p>\n<p>Universal health coverage and social health protection are essential to prevent people from catastrophic health expenditures and impoverishment. The Group aims to explore health financing and social health protection for older and vulnerable populations by facilitating knowledge exchanges and lessons learned to diversify inclusive partnerships with all interested partners. <\/p>\n<p><em>Led by <a href=\"https:\/\/en.snu.ac.kr\/\">Seoul National University<\/a> and <a href=\"https:\/\/www.theglobalfund.org\/en\/\">Global Fund<\/a><\/em><\/p>\n<p>[\/et_pb_text][\/et_pb_column][\/et_pb_row][et_pb_row admin_label=&#8221;Entretoise&#8221; _builder_version=&#8221;4.21.0&#8243; _module_preset=&#8221;default&#8221; display_conditions=&#8221;W10=&#8221; custom_padding=&#8221;0px|0px|29px|0px|false|false&#8221; custom_css_main_element=&#8221;padding: 0 !important;&#8221; global_module=&#8221;987504603&#8243; saved_tabs=&#8221;all&#8221; collapsed=&#8221;off&#8221; global_colors_info=&#8221;{}&#8221;][et_pb_column type=&#8221;4_4&#8243; _builder_version=&#8221;4.21.0&#8243; _module_preset=&#8221;default&#8221; global_colors_info=&#8221;{}&#8221;][\/et_pb_column][\/et_pb_row][et_pb_row column_structure=&#8221;1_3,1_3,1_3&#8243; admin_label=&#8221;rang\u00e9e&#8221; _builder_version=&#8221;4.21.0&#8243; background_size=&#8221;initial&#8221; background_position=&#8221;top_left&#8221; background_repeat=&#8221;repeat&#8221; global_colors_info=&#8221;{}&#8221;][et_pb_column type=&#8221;1_3&#8243; _builder_version=&#8221;4.16&#8243; custom_padding=&#8221;|||&#8221; global_colors_info=&#8221;{}&#8221; custom_padding__hover=&#8221;|||&#8221;][et_pb_code _builder_version=&#8221;4.21.0&#8243; _module_preset=&#8221;default&#8221; global_colors_info=&#8221;{}&#8221;]<\/p>\n<div class=\"p4h-title withlink\"><!-- [et_pb_line_break_holder] --><\/p>\n<h3 class=\"p4h-fc-dark p4h-fs-24 p4h-text-uppercase pb-0\">Pr\u00e9sentations<\/h3>\n<p><!-- [et_pb_line_break_holder] --><a href=\"https:\/\/uat.p4h.world\/fr\/aging-and-elderly-vulnerable-population-fr\/documentation\/?file_type=aging_elderly_presentation\" class=\"p4h-fc-red p4h-fs-16 p4h-button\"><span class=\"p4h-va-middle\">Tous<\/span> <span class=\"et-pb-icon p4h-fs-24 p4h-va-middle\">$<\/span><\/a><!-- [et_pb_line_break_holder] --><\/div>\n<p><!-- [et_pb_line_break_holder] -->[\/et_pb_code][et_pb_code module_class=&#8221;p4h-content-grid&#8221; _builder_version=&#8221;4.21.0&#8243; _module_preset=&#8221;default&#8221; hover_enabled=&#8221;0&#8243; global_colors_info=&#8221;{}&#8221; sticky_enabled=&#8221;0&#8243;]<ul class=\"toolbox-page\">\n            <li>\n            <img decoding=\"async\" src=\"\/app\/uploads\/2025\/10\/icon_download.png\" alt=\"default\" class=\"file-download-icon-prefix\" \/>\n            <a href=\"https:\/\/uat.p4h.world\/app\/uploads\/2025\/08\/p4h_timeline-history-sourced_germany-1.pdf\" download>Aging Presentation test fr<\/a>\n        <\/li>\n    <\/ul>[\/et_pb_code][\/et_pb_column][et_pb_column type=&#8221;1_3&#8243; _builder_version=&#8221;4.16&#8243; custom_padding=&#8221;|||&#8221; global_colors_info=&#8221;{}&#8221; custom_padding__hover=&#8221;|||&#8221;][et_pb_code _builder_version=&#8221;4.21.0&#8243; _module_preset=&#8221;default&#8221; hover_enabled=&#8221;0&#8243; global_colors_info=&#8221;{}&#8221; sticky_enabled=&#8221;0&#8243;]<\/p>\n<div class=\"p4h-title withlink\"><!-- [et_pb_line_break_holder] --><\/p>\n<h3 class=\"p4h-fc-dark p4h-fs-24 p4h-text-uppercase pb-0\">Supporting documents fr<\/h3>\n<p><!-- [et_pb_line_break_holder] -->  <a href=\"https:\/\/uat.p4h.world\/fr\/aging-and-elderly-vulnerable-population-fr\/documentation\/?file_type=aging_elderly_supporting_docs\" class=\"p4h-fc-red p4h-fs-16 p4h-button\"><span class=\"p4h-va-middle\">Tous<\/span> <span class=\"et-pb-icon p4h-fs-24 p4h-va-middle\">$<\/span><\/a><!-- [et_pb_line_break_holder] --><\/div>\n<p>[\/et_pb_code][et_pb_code module_class=&#8221;p4h-content-grid&#8221; _builder_version=&#8221;4.21.0&#8243; _module_preset=&#8221;default&#8221; hover_enabled=&#8221;0&#8243; global_colors_info=&#8221;{}&#8221; sticky_enabled=&#8221;0&#8243;]<ul class=\"toolbox-page\">\n            <li>\n            <img decoding=\"async\" src=\"\/app\/uploads\/2025\/10\/icon_download.png\" alt=\"default\" class=\"file-download-icon-prefix\" \/>\n            <a href=\"https:\/\/uat.p4h.world\/app\/uploads\/2025\/08\/p4h_timeline-history-sourced_germany-1.pdf\" download>Aging Presentation test fr<\/a>\n        <\/li>\n    <\/ul>[\/et_pb_code][\/et_pb_column][et_pb_column type=&#8221;1_3&#8243; _builder_version=&#8221;4.16&#8243; custom_padding=&#8221;|||&#8221; global_colors_info=&#8221;{}&#8221; custom_padding__hover=&#8221;|||&#8221;][et_pb_code _builder_version=&#8221;4.21.0&#8243; _module_preset=&#8221;default&#8221; hover_enabled=&#8221;0&#8243; global_colors_info=&#8221;{}&#8221; sticky_enabled=&#8221;0&#8243;]<\/p>\n<div class=\"p4h-title withlink\"><!-- [et_pb_line_break_holder] --><\/p>\n<h3 class=\"p4h-fc-dark p4h-fs-24 p4h-text-uppercase pb-0\">Briefs and Concept notes<\/h3>\n<p><!-- [et_pb_line_break_holder] -->  <a href=\"https:\/\/uat.p4h.world\/fr\/aging-and-elderly-vulnerable-population-fr\/documentation\/?file_type=aging_elderly_summaries\" class=\"p4h-fc-red p4h-fs-16 p4h-button\"><span class=\"p4h-va-middle\">Tous<\/span> <span class=\"et-pb-icon p4h-fs-24 p4h-va-middle\">$<\/span><\/a><!-- [et_pb_line_break_holder] --><\/div>\n<p>[\/et_pb_code][et_pb_code module_class=&#8221;p4h-content-grid&#8221; _builder_version=&#8221;4.21.0&#8243; _module_preset=&#8221;default&#8221; hover_enabled=&#8221;0&#8243; global_colors_info=&#8221;{}&#8221; sticky_enabled=&#8221;0&#8243;]<ul class=\"toolbox-page\">\n            <li>\n            <img decoding=\"async\" src=\"\/app\/uploads\/2025\/10\/icon_download.png\" alt=\"default\" class=\"file-download-icon-prefix\" \/>\n            <a href=\"https:\/\/uat.p4h.world\/app\/uploads\/2025\/08\/p4h_timeline-history-sourced_germany-1.pdf\" download>Aging Presentation test fr<\/a>\n        <\/li>\n            <li>\n            <img decoding=\"async\" src=\"\/app\/uploads\/2025\/10\/icon_download.png\" alt=\"default\" class=\"file-download-icon-prefix\" \/>\n            <a href=\"https:\/\/uat.p4h.world\/app\/uploads\/2024\/03\/p4h_elevator-speech_experts_2022-05-04_v04.docx\" download>Experts en discours sur les ascenseurs P4H 2022-05-04 v04<\/a>\n        <\/li>\n    <\/ul>[\/et_pb_code][\/et_pb_column][\/et_pb_row][et_pb_row admin_label=&#8221;Entretoise&#8221; _builder_version=&#8221;4.21.0&#8243; _module_preset=&#8221;default&#8221; display_conditions=&#8221;W10=&#8221; custom_padding=&#8221;0px|0px|29px|0px|false|false&#8221; custom_css_main_element=&#8221;padding: 0 !important;&#8221; global_module=&#8221;987504603&#8243; saved_tabs=&#8221;all&#8221; collapsed=&#8221;off&#8221; global_colors_info=&#8221;{}&#8221;][et_pb_column type=&#8221;4_4&#8243; _builder_version=&#8221;4.21.0&#8243; _module_preset=&#8221;default&#8221; global_colors_info=&#8221;{}&#8221;][\/et_pb_column][\/et_pb_row][\/et_pb_section][et_pb_section fb_built=&#8221;1&#8243; _builder_version=&#8221;4.21.0&#8243; _module_preset=&#8221;default&#8221; global_colors_info=&#8221;{}&#8221;][et_pb_row _builder_version=&#8221;4.21.0&#8243; _module_preset=&#8221;default&#8221; global_colors_info=&#8221;{}&#8221;][et_pb_column type=&#8221;4_4&#8243; _builder_version=&#8221;4.21.0&#8243; _module_preset=&#8221;default&#8221; global_colors_info=&#8221;{}&#8221;][et_pb_code _builder_version=&#8221;4.21.0&#8243; _module_preset=&#8221;default&#8221; global_colors_info=&#8221;{}&#8221;]<\/p>\n<div class=\"p4h-title withlink\"><!-- [et_pb_line_break_holder] --><\/p>\n<h3 class=\"p4h-fc-dark p4h-fs-24 p4h-text-uppercase pb-0\">Derni\u00e8res nouvelles<\/h3>\n<p><!-- [et_pb_line_break_holder] --><a href=\"https:\/\/uat.p4h.world\/fr\/newsroom\/news\/\" class=\"p4h-fc-red p4h-fs-16 p4h-button\"><span class=\"p4h-va-middle\">Tous<\/span> <span class=\"et-pb-icon p4h-fs-24 p4h-va-middle\">$<\/span><\/a><!-- [et_pb_line_break_holder] --><\/div>\n<p>[\/et_pb_code][et_pb_code module_class=&#8221;p4h-content-grid&#8221; _builder_version=&#8221;4.21.0&#8243; _module_preset=&#8221;default&#8221; global_colors_info=&#8221;{}&#8221;]<div class=\"pt-cv-wrapper et_smooth_scroll_disabled\"><div class=\"pt-cv-view pt-cv-grid pt-cv-colsys\" id=\"pt-cv-view-0c75fd2v5r\"><div data-id=\"pt-cv-page-1\" class=\"pt-cv-page\" data-cvc=\"3\"><div class=\"col-md-4 col-sm-6 col-xs-12 pt-cv-content-item pt-cv-1-col\"  data-pid=\"987616258\"><div class='pt-cv-ifield'><a href=\"https:\/\/uat.p4h.world\/fr\/news\/mali-ramu-lassociation-des-medecins-liberaux-opte-pour-une-prescription-rationnelle\/\" class=\"_self pt-cv-href-thumbnail pt-cv-thumb-default cvplbd\" target=\"_self\" ><img width=\"1040\" height=\"780\" src=\"https:\/\/uat.p4h.world\/app\/uploads\/2023\/05\/image-18-e1683873177674.png\" class=\"pt-cv-thumbnail img-none\" alt=\"Journ\u00e9e scientifique de l&#039;ANLM\" decoding=\"async\" loading=\"lazy\" \/><\/a>\n<div class=\"pt-cv-meta-fields\"><span class=\"post-type\">ACTUALIT\u00c9S<\/span> <span class=\"p4h-fc-dark\">|<\/span> <span class=\"entry-date\"> <time datetime=\"2023-05-04T00:52:28+01:00\">04 May 2023<\/time><\/span><\/div>\n<h4 class=\"pt-cv-title\"><a href=\"https:\/\/uat.p4h.world\/fr\/news\/mali-ramu-lassociation-des-medecins-liberaux-opte-pour-une-prescription-rationnelle\/\" class=\"_self cvplbd\" target=\"_self\" >Mali-RAMU : L&#8217;association des m\u00e9decins lib\u00e9raux opte pour une prescription rationnelle<\/a><\/h4>\n<div class=\"pt-cv-ctf-list\" data-cvc=\"1\"><div class=\"col-md-12 pt-cv-ctf-column\"><div class=\"pt-cv-custom-fields pt-cv-ctf-countries\"><div class=\"pt-cv-ctf-value\"><\/div><\/div><\/div><\/div><\/div><\/div>\n<div class=\"col-md-4 col-sm-6 col-xs-12 pt-cv-content-item pt-cv-1-col\"  data-pid=\"987616248\"><div class='pt-cv-ifield'><a href=\"https:\/\/uat.p4h.world\/fr\/news\/cote-divoire-gratuite-de-soins-creation-de-comites-anti-racket\/\" class=\"_self pt-cv-href-thumbnail pt-cv-thumb-default cvplbd\" target=\"_self\" ><img width=\"720\" height=\"405\" src=\"https:\/\/uat.p4h.world\/app\/uploads\/2023\/05\/Ouattara-Clement-1-1-e1683530628493.jpeg\" class=\"pt-cv-thumbnail img-none\" alt=\"Cl\u00e9ment OUATTARA, PCA ESCOM C\u00f4te d&#039;Ivoire\" decoding=\"async\" loading=\"lazy\" \/><\/a>\n<div class=\"pt-cv-meta-fields\"><span class=\"post-type\">ACTUALIT\u00c9S<\/span> <span class=\"p4h-fc-dark\">|<\/span> <span class=\"entry-date\"> <time datetime=\"2023-05-04T00:13:04+01:00\">04 May 2023<\/time><\/span><\/div>\n<h4 class=\"pt-cv-title\"><a href=\"https:\/\/uat.p4h.world\/fr\/news\/cote-divoire-gratuite-de-soins-creation-de-comites-anti-racket\/\" class=\"_self cvplbd\" target=\"_self\" >C\u00f4te d&#8217;Ivoire-Gratuit\u00e9 de soins : Cr\u00e9ation de comit\u00e9s anti-racket !<\/a><\/h4>\n<div class=\"pt-cv-ctf-list\" data-cvc=\"1\"><\/div><\/div><\/div><\/div><\/div><\/div>\t\t\t<style type=\"text\/css\" id=\"pt-cv-inline-style-7302394j7v\">#pt-cv-view-0c75fd2v5r .pt-cv-carousel-caption  { background-color: rgba(51,51,51,.6) !important; }\n#pt-cv-view-0c75fd2v5r .pt-cv-specialp { background-color: #CC3333 !important }\n#pt-cv-view-0c75fd2v5r .pt-cv-specialp * { color: #fff !important; }\n#pt-cv-view-0c75fd2v5r .pt-cv-pficon  { color: #bbb !important; }\n#pt-cv-view-0c75fd2v5r .pt-cv-readmore  { color: #ffffff !important; }\n#pt-cv-view-0c75fd2v5r .pt-cv-readmore:hover  { color: #ffffff !important; }\n#pt-cv-view-0c75fd2v5r  + .pt-cv-pagination-wrapper .pt-cv-more , #pt-cv-view-0c75fd2v5r  + .pt-cv-pagination-wrapper .pagination .active a, .pt-cv-pagination[data-sid='0c75fd2v5r'] .active a { color: #ffffff !important; background-color: #00aeef !important; }<\/style>\r\n\t\t\t[\/et_pb_code][\/et_pb_column][\/et_pb_row][et_pb_row admin_label=&#8221;Entretoise&#8221; _builder_version=&#8221;4.21.0&#8243; _module_preset=&#8221;default&#8221; display_conditions=&#8221;W10=&#8221; custom_padding=&#8221;0px|0px|29px|0px|false|false&#8221; custom_css_main_element=&#8221;padding: 0 !important;&#8221; global_module=&#8221;987504603&#8243; saved_tabs=&#8221;all&#8221; collapsed=&#8221;off&#8221; global_colors_info=&#8221;{}&#8221;][et_pb_column type=&#8221;4_4&#8243; _builder_version=&#8221;4.21.0&#8243; _module_preset=&#8221;default&#8221; global_colors_info=&#8221;{}&#8221;][\/et_pb_column][\/et_pb_row][\/et_pb_section][et_pb_section fb_built=&#8221;1&#8243; _builder_version=&#8221;4.21.0&#8243; _module_preset=&#8221;default&#8221; global_colors_info=&#8221;{}&#8221;][et_pb_row _builder_version=&#8221;4.21.0&#8243; _module_preset=&#8221;default&#8221; global_colors_info=&#8221;{}&#8221;][et_pb_column type=&#8221;4_4&#8243; _builder_version=&#8221;4.21.0&#8243; _module_preset=&#8221;default&#8221; global_colors_info=&#8221;{}&#8221;][et_pb_code _builder_version=&#8221;4.21.0&#8243; _module_preset=&#8221;default&#8221; global_colors_info=&#8221;{}&#8221;]<\/p>\n<div class=\"p4h-title withlink\"><!-- [et_pb_line_break_holder] --><\/p>\n<h3 class=\"p4h-fc-dark p4h-fs-24 p4h-text-uppercase pb-0\">Derniers documents<\/h3>\n<p><!-- [et_pb_line_break_holder] --><a href=\"https:\/\/uat.p4h.world\/fr\/resources-tools\/documents\/\" class=\"p4h-fc-red p4h-fs-16 p4h-button\"><span class=\"p4h-va-middle\">Tous<\/span> <span class=\"et-pb-icon p4h-fs-24 p4h-va-middle\">$<\/span><\/a><!-- [et_pb_line_break_holder] --><\/div>\n<p><!-- [et_pb_line_break_holder] --><\/div>\n<p>[\/et_pb_code][et_pb_code module_class=&#8221;p4h-content-grid&#8221; _builder_version=&#8221;4.21.0&#8243; _module_preset=&#8221;default&#8221; global_colors_info=&#8221;{}&#8221;]<div class=\"pt-cv-wrapper et_smooth_scroll_disabled\"><\/div>\t\t\t<style type=\"text\/css\" id=\"pt-cv-inline-style-65e93e8wtm\">#pt-cv-view-a9ee945chm .pt-cv-carousel-caption  { background-color: rgba(51,51,51,.6) !important; }\n#pt-cv-view-a9ee945chm .pt-cv-specialp { background-color: #CC3333 !important }\n#pt-cv-view-a9ee945chm .pt-cv-specialp * { color: #fff !important; }\n#pt-cv-view-a9ee945chm .pt-cv-pficon  { color: #bbb !important; }\n#pt-cv-view-a9ee945chm .pt-cv-readmore  { color: #ffffff !important; }\n#pt-cv-view-a9ee945chm .pt-cv-readmore:hover  { color: #ffffff !important; }\n#pt-cv-view-a9ee945chm  + .pt-cv-pagination-wrapper .pt-cv-more , #pt-cv-view-a9ee945chm  + .pt-cv-pagination-wrapper .pagination .active a, .pt-cv-pagination[data-sid='a9ee945chm'] .active a { color: #ffffff !important; background-color: #00aeef !important; }<\/style>\r\n\t\t\t[\/et_pb_code][\/et_pb_column][\/et_pb_row][et_pb_row admin_label=&#8221;Entretoise&#8221; _builder_version=&#8221;4.21.0&#8243; _module_preset=&#8221;default&#8221; display_conditions=&#8221;W10=&#8221; custom_padding=&#8221;0px|0px|29px|0px|false|false&#8221; custom_css_main_element=&#8221;padding: 0 !important;&#8221; global_module=&#8221;987504603&#8243; saved_tabs=&#8221;all&#8221; collapsed=&#8221;off&#8221; global_colors_info=&#8221;{}&#8221;][et_pb_column type=&#8221;4_4&#8243; _builder_version=&#8221;4.21.0&#8243; _module_preset=&#8221;default&#8221; global_colors_info=&#8221;{}&#8221;][\/et_pb_column][\/et_pb_row][\/et_pb_section][et_pb_section fb_built=&#8221;1&#8243; _builder_version=&#8221;4.21.0&#8243; _module_preset=&#8221;default&#8221; background_color=&#8221;#e8e7e2&#8243; global_colors_info=&#8221;{}&#8221;][et_pb_row _builder_version=&#8221;4.21.0&#8243; _module_preset=&#8221;default&#8221; background_color=&#8221;#e8e7e2&#8243; max_width=&#8221;100%&#8221; global_colors_info=&#8221;{}&#8221;][et_pb_column type=&#8221;4_4&#8243; _builder_version=&#8221;4.21.0&#8243; _module_preset=&#8221;default&#8221; background_color=&#8221;#e8e7e2&#8243; custom_padding=&#8221;0px|0px|0px|0px|false|false&#8221; custom_css_main_element=&#8221;align-content: center !important;||margin-right: 0 !important;&#8221; global_colors_info=&#8221;{}&#8221;][et_pb_text _builder_version=&#8221;4.21.0&#8243; _module_preset=&#8221;default&#8221; text_text_color=&#8221;#2d424c&#8221; background_color=&#8221;#e8e7e2&#8243; text_orientation=&#8221;center&#8221; height=&#8221;100%&#8221; custom_margin=&#8221;||||false|false&#8221; custom_padding=&#8221;20px|10px|10px|10px|false|false&#8221; custom_css_main_element=&#8221;align-content: center;&#8221; global_colors_info=&#8221;{}&#8221; background__hover_enabled=&#8221;on|hover&#8221; background_color__hover=&#8221;#FFFFFF&#8221; background_enable_color__hover=&#8221;on&#8221; text_text_color__hover_enabled=&#8221;on|hover&#8221; text_text_color__hover=&#8221;#2d424c&#8221;]<\/p>\n<h3 class=\"p4h-fs-24 p4h-text-uppercase\">Other P4H-TEG working groups<\/h3>\n<p>[\/et_pb_text][\/et_pb_column][\/et_pb_row][et_pb_row column_structure=&#8221;1_4,1_4,1_4,1_4&#8243; _builder_version=&#8221;4.21.0&#8243; _module_preset=&#8221;default&#8221; max_width=&#8221;100%&#8221; global_colors_info=&#8221;{}&#8221;][et_pb_column type=&#8221;1_4&#8243; _builder_version=&#8221;4.21.0&#8243; _module_preset=&#8221;default&#8221; custom_padding=&#8221;0px|0px|0px|0px|false|false&#8221; custom_css_main_element=&#8221;align-content: center !important;||margin-right: 0 !important;||width: 25% !important;&#8221; global_colors_info=&#8221;{}&#8221;][et_pb_text _builder_version=&#8221;4.21.0&#8243; _module_preset=&#8221;default&#8221; text_text_color=&#8221;#ffffff&#8221; background_color=&#8221;#2e424b&#8221; text_orientation=&#8221;center&#8221; min_height=&#8221;225px&#8221; height=&#8221;100%&#8221; custom_padding=&#8221;40px|40px|40px|40px|false|false&#8221; link_option_url=&#8221;https:\/\/uat.p4h.world\/fr\/alignment-and-community-of-practice-cop-fr\/&#8221; custom_css_main_element=&#8221;align-content: center;&#8221; global_colors_info=&#8221;{}&#8221; text_text_color__hover_enabled=&#8221;on|hover&#8221; text_text_color__hover=&#8221;#2d424c&#8221; background__hover_enabled=&#8221;on|hover&#8221; background_color__hover=&#8221;#e8e7e2&#8243; background_enable_color__hover=&#8221;on&#8221;]<\/p>\n<h3 class=\"p4h-fs-24 p4h-text-uppercase\">Alignment COP<\/h3>\n<p>[\/et_pb_text][\/et_pb_column][et_pb_column type=&#8221;1_4&#8243; _builder_version=&#8221;4.21.0&#8243; _module_preset=&#8221;default&#8221; custom_padding=&#8221;0px|0px|0px|0px|false|false&#8221; custom_css_main_element=&#8221;align-content: center !important;||margin-right: 0 !important;||width: 25% !important;&#8221; global_colors_info=&#8221;{}&#8221;][et_pb_text _builder_version=&#8221;4.21.0&#8243; _module_preset=&#8221;default&#8221; text_text_color=&#8221;#ffffff&#8221; background_color=&#8221;#8c2222&#8243; text_orientation=&#8221;center&#8221; min_height=&#8221;225px&#8221; height=&#8221;100%&#8221; custom_padding=&#8221;40px|40px|40px|40px|false|false&#8221; link_option_url=&#8221;https:\/\/uat.p4h.world\/fr\/climate-change-and-health-financing-fr\/&#8221; custom_css_main_element=&#8221;align-content: center;&#8221; global_colors_info=&#8221;{}&#8221; background__hover_enabled=&#8221;on|hover&#8221; background_color__hover=&#8221;#e8e7e2&#8243; background_enable_color__hover=&#8221;on&#8221; text_text_color__hover_enabled=&#8221;on|hover&#8221; text_text_color__hover=&#8221;#2d424c&#8221;]<\/p>\n<h3 class=\"p4h-fs-24 p4h-text-uppercase\">Climate change and health financing fr<\/h3>\n<p>[\/et_pb_text][\/et_pb_column][et_pb_column type=&#8221;1_4&#8243; _builder_version=&#8221;4.21.0&#8243; _module_preset=&#8221;default&#8221; custom_padding=&#8221;0px|0px|0px|0px|false|false&#8221; custom_css_main_element=&#8221;align-content: center !important;||margin-right: 0 !important;||width: 25% !important;&#8221; global_colors_info=&#8221;{}&#8221;][et_pb_text _builder_version=&#8221;4.21.0&#8243; _module_preset=&#8221;default&#8221; text_text_color=&#8221;#ffffff&#8221; background_color=&#8221;#4d7d94&#8243; text_orientation=&#8221;center&#8221; min_height=&#8221;225px&#8221; height=&#8221;100%&#8221; custom_padding=&#8221;40px|40px|40px|40px|false|false&#8221; link_option_url=&#8221;https:\/\/uat.p4h.world\/fr\/financing-pppr-fr\/&#8221; custom_css_main_element=&#8221;align-content: center;&#8221; global_colors_info=&#8221;{}&#8221; text_text_color__hover_enabled=&#8221;on|hover&#8221; text_text_color__hover=&#8221;#2d424c&#8221; background__hover_enabled=&#8221;on|hover&#8221; background_color__hover=&#8221;#e8e7e2&#8243; background_enable_color__hover=&#8221;on&#8221;]<\/p>\n<h3 class=\"p4h-fs-24 p4h-text-uppercase\">Financing PPPR fr<\/h3>\n<p>[\/et_pb_text][\/et_pb_column][et_pb_column type=&#8221;1_4&#8243; _builder_version=&#8221;4.21.0&#8243; _module_preset=&#8221;default&#8221; custom_padding=&#8221;0px|0px|0px|0px|false|false&#8221; custom_css_main_element=&#8221;align-content: center !important;||margin-right: 0 !important;||width: 25% !important;&#8221; global_colors_info=&#8221;{}&#8221;][et_pb_text _builder_version=&#8221;4.21.0&#8243; _module_preset=&#8221;default&#8221; text_text_color=&#8221;#ffffff&#8221; background_color=&#8221;#2e424b&#8221; text_orientation=&#8221;center&#8221; min_height=&#8221;225px&#8221; height=&#8221;100%&#8221; custom_padding=&#8221;40px|40px|40px|40px|false|false&#8221; link_option_url=&#8221;https:\/\/uat.p4h.world\/fr\/me-framework-fr\/&#8221; custom_css_main_element=&#8221;align-content: center;&#8221; global_colors_info=&#8221;{}&#8221; background__hover_enabled=&#8221;on|hover&#8221; background_color__hover=&#8221;#e8e7e2&#8243; background_enable_color__hover=&#8221;on&#8221; text_text_color__hover_enabled=&#8221;on|hover&#8221; text_text_color__hover=&#8221;#2d424c&#8221;]<\/p>\n<h3 class=\"p4h-fs-24 p4h-text-uppercase\">ME framework fr<\/h3>\n<p>[\/et_pb_text][\/et_pb_column][\/et_pb_row][\/et_pb_section]<\/p>\n","protected":false},"excerpt":{"rendered":"<p>[et_pb_section fb_built=&#8221;1&#8243; admin_label=&#8221;section&#8221; _builder_version=&#8221;4.16&#8243; global_colors_info=&#8221;{}&#8221;][et_pb_row admin_label=&#8221;Entretoise&#8221; _builder_version=&#8221;4.21.0&#8243; _module_preset=&#8221;default&#8221; display_conditions=&#8221;W10=&#8221; custom_padding=&#8221;0px|0px|29px|0px|false|false&#8221; custom_css_main_element=&#8221;padding: 0 !important;&#8221; global_module=&#8221;987504603&#8243; saved_tabs=&#8221;all&#8221; collapsed=&#8221;off&#8221; global_colors_info=&#8221;{}&#8221;][et_pb_column type=&#8221;4_4&#8243; _builder_version=&#8221;4.21.0&#8243; _module_preset=&#8221;default&#8221; global_colors_info=&#8221;{}&#8221;][\/et_pb_column][\/et_pb_row][et_pb_row _builder_version=&#8221;4.21.0&#8243; _module_preset=&#8221;default&#8221; global_colors_info=&#8221;{}&#8221;][et_pb_column type=&#8221;4_4&#8243; _builder_version=&#8221;4.21.0&#8243; _module_preset=&#8221;default&#8221; global_colors_info=&#8221;{}&#8221;][et_pb_image src=&#8221;https:\/\/uat.p4h.world\/app\/uploads\/2024\/09\/TEG_elderly-vulnerable-people.png&#8221; title_text=&#8221;TEG_elderly-vulnerable-people&#8221; _builder_version=&#8221;4.21.0&#8243; _module_preset=&#8221;default&#8221; global_colors_info=&#8221;{}&#8221;][\/et_pb_image][et_pb_text _builder_version=&#8221;4.21.0&#8243; _module_preset=&#8221;default&#8221; custom_padding=&#8221;||||false|false&#8221; global_colors_info=&#8221;{}&#8221;] The P4H Technical Exchange Group (P4H-TEG) Co-chairs identified health financing and social health protection for vulnerable populations as&#8230;<\/p>\n","protected":false},"author":1,"featured_media":0,"parent":0,"menu_order":0,"comment_status":"closed","ping_status":"closed","template":"","meta":{"_et_pb_use_builder":"on","_et_pb_old_content":"","_et_gb_content_width":""},"acf":[],"_links":{"self":[{"href":"https:\/\/uat.p4h.world\/fr\/wp-json\/wp\/v2\/pages\/987648289"}],"collection":[{"href":"https:\/\/uat.p4h.world\/fr\/wp-json\/wp\/v2\/pages"}],"about":[{"href":"https:\/\/uat.p4h.world\/fr\/wp-json\/wp\/v2\/types\/page"}],"author":[{"embeddable":true,"href":"https:\/\/uat.p4h.world\/fr\/wp-json\/wp\/v2\/users\/1"}],"replies":[{"embeddable":true,"href":"https:\/\/uat.p4h.world\/fr\/wp-json\/wp\/v2\/comments?post=987648289"}],"version-history":[{"count":33,"href":"https:\/\/uat.p4h.world\/fr\/wp-json\/wp\/v2\/pages\/987648289\/revisions"}],"predecessor-version":[{"id":987648774,"href":"https:\/\/uat.p4h.world\/fr\/wp-json\/wp\/v2\/pages\/987648289\/revisions\/987648774"}],"wp:attachment":[{"href":"https:\/\/uat.p4h.world\/fr\/wp-json\/wp\/v2\/media?parent=987648289"}],"curies":[{"name":"wp","href":"https:\/\/api.w.org\/{rel}","templated":true}]}}