{"id":987663256,"date":"2025-03-28T08:04:40","date_gmt":"2025-03-28T07:04:40","guid":{"rendered":"https:\/\/uat.p4h.world\/?page_id=987663256"},"modified":"2025-04-10T11:11:41","modified_gmt":"2025-04-10T10:11:41","slug":"uhc-dynamic-cards-fr","status":"publish","type":"page","link":"https:\/\/uat.p4h.world\/fr\/uhc-dynamic-cards-fr\/","title":{"rendered":"UHC Dynamic Cards fr"},"content":{"rendered":"<p>[et_pb_section fb_built=&#8221;1&#8243; admin_label=&#8221;section&#8221; _builder_version=&#8221;4.21.0&#8243; hover_enabled=&#8221;0&#8243; global_colors_info=&#8221;{}&#8221; background_color=&#8221;#dce5ea&#8221; sticky_enabled=&#8221;0&#8243;][et_pb_row admin_label=&#8221;rang\u00e9e&#8221; _builder_version=&#8221;4.21.0&#8243; background_size=&#8221;initial&#8221; background_position=&#8221;top_left&#8221; background_repeat=&#8221;repeat&#8221; width=&#8221;100vw&#8221; custom_margin=&#8221;||||false|false&#8221; custom_margin_tablet=&#8221;40px||||false|false&#8221; custom_margin_phone=&#8221;40px||||false|false&#8221; custom_margin_last_edited=&#8221;off|desktop&#8221; hover_enabled=&#8221;0&#8243; global_colors_info=&#8221;{}&#8221; custom_padding=&#8221;40px|0px|0px|0px|false|false&#8221; sticky_enabled=&#8221;0&#8243;][et_pb_column type=&#8221;4_4&#8243; _builder_version=&#8221;4.16&#8243; custom_padding=&#8221;|||&#8221; global_colors_info=&#8221;{}&#8221; custom_padding__hover=&#8221;|||&#8221;][et_pb_text _builder_version=&#8221;4.21.0&#8243; _module_preset=&#8221;default&#8221; global_colors_info=&#8221;{}&#8221;]<\/p>\n<div>\n<p><strong>Lorem Ipsum<\/strong> est simplement un texte factice de l&#8217;industrie de l&#8217;imprimerie et de la composition. Le Lorem Ipsum est le texte factice standard de l&#8217;industrie depuis les ann\u00e9es 1500, lorsqu&#8217;un imprimeur inconnu a pris une gal\u00e8re de caract\u00e8res et l&#8217;a brouill\u00e9e pour en faire un livre de sp\u00e9cimens de caract\u00e8res. Il a surv\u00e9cu non seulement \u00e0 cinq si\u00e8cles, mais aussi au passage \u00e0 la composition \u00e9lectronique, en restant essentiellement inchang\u00e9. Il a \u00e9t\u00e9 popularis\u00e9 dans les ann\u00e9es 1960 avec la publication de feuilles Letraset contenant des passages Lorem Ipsum, et plus r\u00e9cemment avec des logiciels de publication assist\u00e9e par ordinateur comme Aldus PageMaker incluant des versions de Lorem Ipsum.<\/p>\n<\/div>\n<div> <\/div>\n<p>[\/et_pb_text][et_pb_code _builder_version=&#8221;4.21.0&#8243; _module_preset=&#8221;default&#8221; global_colors_info=&#8221;{}&#8221;]    <div class=\"p4h-no-content\" id=\"p4h-no-content-cfp-\">\n        <h3 class=\"p4h-no-content-title\">No UHC Cards Found<\/h3>\n        <p class=\"p4h-no-content-text\">Unfortunately we don't have any results for UHC card countries.<\/p>\n    <\/div>\n\n<style>\n    .cfp-grid-wrapper .cfp-grid .cfp-item {\n        flex: 1 0 25%;\n        max-width: 25%;\n    }\n\n    @media (max-width: 479px) {\n        .cfp-grid-wrapper .cfp-grid .cfp-item {\n            flex: 1 0 100%;\n            max-width: 100%;\n        }\n    }\n\n    .cfp-grid-wrapper .cfp-grid .cfp-item .cfp-image-wrapper {\n        width: 50px;\n        height: 50px;\n        margin-bottom: 5px;\n    }\n<\/style>[\/et_pb_code][\/et_pb_column][\/et_pb_row][\/et_pb_section]<\/p>\n","protected":false},"excerpt":{"rendered":"<p>Lorem Ipsum est simplement un texte factice de l&#8217;industrie de l&#8217;imprimerie et de la composition. Le Lorem Ipsum est le texte factice standard de l&#8217;industrie depuis les ann\u00e9es 1500, lorsqu&#8217;un imprimeur inconnu a pris une gal\u00e8re de caract\u00e8res et l&#8217;a brouill\u00e9e pour en faire un livre de sp\u00e9cimens de caract\u00e8res. Il a surv\u00e9cu non seulement&#8230;<\/p>\n","protected":false},"author":1,"featured_media":0,"parent":0,"menu_order":0,"comment_status":"closed","ping_status":"closed","template":"","meta":{"_et_pb_use_builder":"on","_et_pb_old_content":"","_et_gb_content_width":""},"acf":[],"_links":{"self":[{"href":"https:\/\/uat.p4h.world\/fr\/wp-json\/wp\/v2\/pages\/987663256"}],"collection":[{"href":"https:\/\/uat.p4h.world\/fr\/wp-json\/wp\/v2\/pages"}],"about":[{"href":"https:\/\/uat.p4h.world\/fr\/wp-json\/wp\/v2\/types\/page"}],"author":[{"embeddable":true,"href":"https:\/\/uat.p4h.world\/fr\/wp-json\/wp\/v2\/users\/1"}],"replies":[{"embeddable":true,"href":"https:\/\/uat.p4h.world\/fr\/wp-json\/wp\/v2\/comments?post=987663256"}],"version-history":[{"count":42,"href":"https:\/\/uat.p4h.world\/fr\/wp-json\/wp\/v2\/pages\/987663256\/revisions"}],"predecessor-version":[{"id":987663466,"href":"https:\/\/uat.p4h.world\/fr\/wp-json\/wp\/v2\/pages\/987663256\/revisions\/987663466"}],"wp:attachment":[{"href":"https:\/\/uat.p4h.world\/fr\/wp-json\/wp\/v2\/media?parent=987663256"}],"curies":[{"name":"wp","href":"https:\/\/api.w.org\/{rel}","templated":true}]}}